{"id":396,"date":"2025-04-06T22:39:23","date_gmt":"2025-04-06T22:39:23","guid":{"rendered":"https:\/\/ml.virose.pt\/blogs\/seminar\/?page_id=396"},"modified":"2025-05-15T15:07:30","modified_gmt":"2025-05-15T15:07:30","slug":"meeting-0","status":"publish","type":"page","link":"https:\/\/ml.virose.pt\/blogs\/seminar\/meeting-0\/","title":{"rendered":"Meeting #0"},"content":{"rendered":"<blockquote>\n<h3><strong>Encontro DAP Meeting #0<br \/>\n<\/strong><\/h3>\n<\/blockquote>\n<h5><span style=\"color: #ff9900;\"><em><strong>De pernas para o ar | Upside-down<\/strong><\/em><\/span><\/h5>\n<h5>FBAUP, 20-22 Maio 2025<br \/>\nSalas DAP, Pra\u00e7a Coronel Pacheco, 15<\/h5>\n<h4><a href=\"https:\/\/ml.virose.pt\/blogs\/seminar\/encontro-dap-0-programa\/\"><span style=\"color: #ff9900;\">Programa completo &gt;&gt;&gt;&gt;&gt;&gt;&gt;<\/span><\/a><\/h4>\n<p><span style=\"color: #ff9900;\">Read <a style=\"color: #ff9900;\" href=\"https:\/\/ml.virose.pt\/blogs\/seminar\/meeting-dap-0-english\/\">In English<\/a><\/span><\/p>\n<p>Este encontro \u00e9 um primeiro ensaio, um ano zero, para aquilo que se quer implementar anualmente no DAP: um momento concentrado no tempo e no espa\u00e7o onde seja poss\u00edvel partilhar e cruzar experi\u00eancias sobre o trabalho que se encontra em curso, quer atrav\u00e9s dos projectos individuais de doutoramento quer de outros projectos que com eles se interseccionem.<\/p>\n<p>Com excep\u00e7\u00e3o do <em>Speed dating e das Leituras de portf\u00f3lios, qualquer estudante de Doutoramento da FBAUP poder\u00e1 assistir \u00e0s<\/em> sess\u00f5es.<\/p>\n<p>As aulas abertas, como de habitual, s\u00e3o de acesso livre a toda a comunidade.<\/p>\n<p>A apresenta\u00e7\u00e3o nas sess\u00f5es foi sujeita a inscri\u00e7\u00e3o (at\u00e9 4 de Maio):<br \/>\n<span style=\"color: #ff9900;\">https:\/\/forms.gle\/aB8vcvKaCiWcSqiG8<\/span><\/p>\n<p>Indicar por favor a inten\u00e7\u00e3o de assistir ao Encontro, por raz\u00f5es log\u00edsticas (at\u00e9 18 de Maio):<br \/>\n<span style=\"color: #ff9900;\"><a style=\"color: #ff9900;\" href=\"https:\/\/forms.gle\/VJmaccDj2drocmyq8\">https:\/\/forms.gle\/cVxYCSYJoVNCJda17<\/a><\/span><\/p>\n<p><em>Nenhuma actividade tem custos de inscri\u00e7\u00e3o. <\/em><\/p>\n<p><em>No entanto, h\u00e1 uma op\u00e7\u00e3o de almo\u00e7o em restaurante pr\u00f3ximo. Inscri\u00e7\u00f5es:<\/em><\/p>\n<p><span style=\"color: #ff9900;\"><a style=\"color: #ff9900;\" href=\"https:\/\/forms.gle\/iCMJS3RpZBe6JmQF7\">https:\/\/forms.gle\/iCMJS3RpZBe6JmQF7<\/a><\/span><\/p>\n<p><em>Para o jantar do \u00faltimo dia (22 de Maio), pre\u00e7os e condi\u00e7\u00f5es\u00a0 a anunciar em breve<\/em><\/p>\n<p>Convidados externos confirmados:<br \/>\nCihan Cakmak<br \/>\nSteven Jacobs<br \/>\nAnselm Jappe<br \/>\nJuan Lu\u00eds Toboso<br \/>\nMauro Cerqueira<br \/>\nMiguel von Hafe P\u00e9rez<\/p>\n<p>&nbsp;<\/p>\n<p class=\"MsoNormal\" style=\"mso-margin-top-alt: auto; mso-margin-bottom-alt: auto;\"><span lang=\"PT\" style=\"font-size: 13.5pt; font-family: 'Garamond',serif; mso-fareast-font-family: 'Times New Roman'; mso-bidi-font-family: 'Times New Roman'; color: black; mso-font-kerning: 0pt; mso-ligatures: none; mso-ansi-language: PT; mso-fareast-language: EN-GB;\">\u00a0<\/span><\/p>\n<p class=\"MsoNormal\" style=\"mso-margin-top-alt: auto; mso-margin-bottom-alt: auto;\"><span lang=\"PT\" style=\"font-size: 13.5pt; font-family: 'Garamond',serif; mso-fareast-font-family: 'Times New Roman'; mso-bidi-font-family: 'Times New Roman'; color: black; mso-font-kerning: 0pt; mso-ligatures: none; mso-ansi-language: PT; mso-fareast-language: EN-GB;\">\u00a0<\/span><\/p>\n<p class=\"MsoNormal\" style=\"mso-margin-top-alt: auto; mso-margin-bottom-alt: auto;\"><span lang=\"PT\" style=\"font-size: 13.5pt; font-family: 'Garamond',serif; mso-fareast-font-family: 'Times New Roman'; mso-bidi-font-family: 'Times New Roman'; color: black; mso-font-kerning: 0pt; mso-ligatures: none; mso-ansi-language: PT; mso-fareast-language: EN-GB;\">\u00a0<\/span><\/p>\n","protected":false},"excerpt":{"rendered":"<p>Encontro DAP Meeting #0 De pernas para o ar | Upside-down FBAUP, 20-22 Maio 2025 Salas DAP, Pra\u00e7a Coronel Pacheco, 15 Programa completo &gt;&gt;&gt;&gt;&gt;&gt;&gt; Read In English Este encontro \u00e9 um primeiro ensaio, um ano zero, para aquilo que se quer implementar anualmente no DAP: um momento concentrado no tempo e no espa\u00e7o onde seja&hellip;<\/p>\n","protected":false},"author":1,"featured_media":418,"parent":0,"menu_order":0,"comment_status":"closed","ping_status":"closed","template":"","meta":[],"_links":{"self":[{"href":"https:\/\/ml.virose.pt\/blogs\/seminar\/wp-json\/wp\/v2\/pages\/396"}],"collection":[{"href":"https:\/\/ml.virose.pt\/blogs\/seminar\/wp-json\/wp\/v2\/pages"}],"about":[{"href":"https:\/\/ml.virose.pt\/blogs\/seminar\/wp-json\/wp\/v2\/types\/page"}],"author":[{"embeddable":true,"href":"https:\/\/ml.virose.pt\/blogs\/seminar\/wp-json\/wp\/v2\/users\/1"}],"replies":[{"embeddable":true,"href":"https:\/\/ml.virose.pt\/blogs\/seminar\/wp-json\/wp\/v2\/comments?post=396"}],"version-history":[{"count":19,"href":"https:\/\/ml.virose.pt\/blogs\/seminar\/wp-json\/wp\/v2\/pages\/396\/revisions"}],"predecessor-version":[{"id":470,"href":"https:\/\/ml.virose.pt\/blogs\/seminar\/wp-json\/wp\/v2\/pages\/396\/revisions\/470"}],"wp:featuredmedia":[{"embeddable":true,"href":"https:\/\/ml.virose.pt\/blogs\/seminar\/wp-json\/wp\/v2\/media\/418"}],"wp:attachment":[{"href":"https:\/\/ml.virose.pt\/blogs\/seminar\/wp-json\/wp\/v2\/media?parent=396"}],"curies":[{"name":"wp","href":"https:\/\/api.w.org\/{rel}","templated":true}]}}